{"id":1486,"date":"2024-11-12T04:06:14","date_gmt":"2024-11-12T04:06:14","guid":{"rendered":"https:\/\/educart.online\/?page_id=1486"},"modified":"2025-11-10T00:27:22","modified_gmt":"2025-11-10T00:27:22","slug":"talleres","status":"publish","type":"page","link":"https:\/\/educart.online\/en\/talleres\/","title":{"rendered":"Talleres"},"content":{"rendered":"<div data-elementor-type=\"wp-page\" data-elementor-id=\"1486\" class=\"elementor elementor-1486\">\n\t\t\t\t<div class=\"elementor-element elementor-element-8478ae5 e-con-full e-flex wpr-particle-no wpr-jarallax-no wpr-parallax-no wpr-sticky-section-no e-con e-parent\" data-id=\"8478ae5\" data-element_type=\"container\" data-settings=\"{&quot;background_background&quot;:&quot;slideshow&quot;,&quot;background_slideshow_gallery&quot;:[{&quot;id&quot;:1319,&quot;url&quot;:&quot;https:\\\/\\\/educart.online\\\/wp-content\\\/uploads\\\/2024\\\/11\\\/IMG_2744.jpg&quot;}],&quot;background_slideshow_slide_duration&quot;:3000,&quot;background_slideshow_loop&quot;:&quot;yes&quot;,&quot;background_slideshow_slide_transition&quot;:&quot;fade&quot;,&quot;background_slideshow_transition_duration&quot;:500}\">\n\t\t<div class=\"elementor-element elementor-element-6558b3a e-flex e-con-boxed wpr-particle-no wpr-jarallax-no wpr-parallax-no wpr-sticky-section-no e-con e-child\" data-id=\"6558b3a\" data-element_type=\"container\">\n\t\t\t\t\t<div class=\"e-con-inner\">\n\t\t\t\t<div class=\"elementor-element elementor-element-782bcd3 elementor-widget-mobile__width-initial elementor-widget elementor-widget-image\" data-id=\"782bcd3\" data-element_type=\"widget\" data-widget_type=\"image.default\">\n\t\t\t\t<div class=\"elementor-widget-container\">\n\t\t\t\t\t\t\t\t\t\t\t\t\t\t\t<img decoding=\"async\" src=\"https:\/\/educart.online\/wp-content\/uploads\/elementor\/thumbs\/ISOTIPO-AMARILLO-qwz0ho61nlustonk85gswyqkxe1b26oo0r5f2sz08w.png\" title=\"ISOTIPO AMARILLO\" alt=\"ISOTIPO AMARILLO\" loading=\"lazy\" \/>\t\t\t\t\t\t\t\t\t\t\t\t\t\t\t<\/div>\n\t\t\t\t<\/div>\n\t\t\t\t<div class=\"elementor-element elementor-element-5199ea9 elementor-widget__width-initial elementor-widget-mobile__width-initial elementor-widget elementor-widget-heading\" data-id=\"5199ea9\" data-element_type=\"widget\" data-widget_type=\"heading.default\">\n\t\t\t\t<div class=\"elementor-widget-container\">\n\t\t\t\t\t<h2 class=\"elementor-heading-title elementor-size-default\">WORKSHOPS<\/h2>\t\t\t\t<\/div>\n\t\t\t\t<\/div>\n\t\t\t\t\t<\/div>\n\t\t\t\t<\/div>\n\t\t\t\t<\/div>\n\t\t<div class=\"elementor-element elementor-element-9d52aef e-flex e-con-boxed wpr-particle-no wpr-jarallax-no wpr-parallax-no wpr-sticky-section-no e-con e-parent\" data-id=\"9d52aef\" data-element_type=\"container\">\n\t\t\t\t\t<div class=\"e-con-inner\">\n\t\t<div class=\"elementor-element elementor-element-f6cb88c e-con-full e-flex wpr-particle-no wpr-jarallax-no wpr-parallax-no wpr-sticky-section-no e-con e-child\" data-id=\"f6cb88c\" data-element_type=\"container\">\n\t\t<div class=\"elementor-element elementor-element-8d65014 e-con-full e-flex wpr-particle-no wpr-jarallax-no wpr-parallax-no wpr-sticky-section-no e-con e-child\" data-id=\"8d65014\" data-element_type=\"container\">\n\t\t\t\t<div class=\"elementor-element elementor-element-9640e7d elementor-widget elementor-widget-image\" data-id=\"9640e7d\" data-element_type=\"widget\" data-widget_type=\"image.default\">\n\t\t\t\t<div class=\"elementor-widget-container\">\n\t\t\t\t\t\t\t\t\t\t\t\t\t\t\t<img decoding=\"async\" src=\"https:\/\/educart.online\/wp-content\/uploads\/elementor\/thumbs\/ico-qeacnn2taxmyjr2kabbe09ksh03y2yvq7qeq3wekc0.png\" title=\"ico\" alt=\"ico\" loading=\"lazy\" \/>\t\t\t\t\t\t\t\t\t\t\t\t\t\t\t<\/div>\n\t\t\t\t<\/div>\n\t\t\t\t<\/div>\n\t\t<div class=\"elementor-element elementor-element-8402e73 e-con-full e-flex wpr-particle-no wpr-jarallax-no wpr-parallax-no wpr-sticky-section-no e-con e-child\" data-id=\"8402e73\" data-element_type=\"container\" data-settings=\"{&quot;background_background&quot;:&quot;classic&quot;}\">\n\t\t\t\t<div class=\"elementor-element elementor-element-fe6ef3d elementor-widget elementor-widget-heading\" data-id=\"fe6ef3d\" data-element_type=\"widget\" data-widget_type=\"heading.default\">\n\t\t\t\t<div class=\"elementor-widget-container\">\n\t\t\t\t\t<h2 class=\"elementor-heading-title elementor-size-default\">FREE CLASS EXPERIENCE<\/h2>\t\t\t\t<\/div>\n\t\t\t\t<\/div>\n\t\t\t\t<\/div>\n\t\t\t\t<\/div>\n\t\t\t\t\t<\/div>\n\t\t\t\t<\/div>\n\t\t<div class=\"elementor-element elementor-element-793239c e-con-full e-flex wpr-particle-no wpr-jarallax-no wpr-parallax-no wpr-sticky-section-no e-con e-parent\" data-id=\"793239c\" data-element_type=\"container\">\n\t\t<div class=\"elementor-element elementor-element-052f1ba e-con-full e-flex wpr-particle-no wpr-jarallax-no wpr-parallax-no wpr-sticky-section-no e-con e-child\" data-id=\"052f1ba\" data-element_type=\"container\">\n\t\t<div class=\"elementor-element elementor-element-c83165a e-con-full e-flex wpr-particle-no wpr-jarallax-no wpr-parallax-no wpr-sticky-section-no e-con e-child\" data-id=\"c83165a\" data-element_type=\"container\">\n\t\t<div class=\"elementor-element elementor-element-cf64578 e-con-full e-flex wpr-particle-no wpr-jarallax-no wpr-parallax-no wpr-sticky-section-no e-con e-child\" data-id=\"cf64578\" data-element_type=\"container\" data-settings=\"{&quot;background_background&quot;:&quot;classic&quot;,&quot;shape_divider_top&quot;:&quot;curve&quot;}\">\n\t\t\t\t<div class=\"elementor-shape elementor-shape-top\" aria-hidden=\"true\" data-negative=\"false\">\n\t\t\t<svg xmlns=\"http:\/\/www.w3.org\/2000\/svg\" viewbox=\"0 0 1000 100\" preserveaspectratio=\"none\">\n    <path class=\"elementor-shape-fill\" d=\"M1000,4.3V0H0v4.3C0.9,23.1,126.7,99.2,500,100S1000,22.7,1000,4.3z\"\/>\n<\/svg>\t\t<\/div>\n\t\t\t\t<div class=\"elementor-element elementor-element-bed5fea elementor-widget elementor-widget-heading\" data-id=\"bed5fea\" data-element_type=\"widget\" data-widget_type=\"heading.default\">\n\t\t\t\t<div class=\"elementor-widget-container\">\n\t\t\t\t\t<h2 class=\"elementor-heading-title elementor-size-default\">TRY BEFORE<\/h2>\t\t\t\t<\/div>\n\t\t\t\t<\/div>\n\t\t\t\t<\/div>\n\t\t<div class=\"elementor-element elementor-element-9f5d78b e-con-full e-flex wpr-particle-no wpr-jarallax-no wpr-parallax-no wpr-sticky-section-no e-con e-child\" data-id=\"9f5d78b\" data-element_type=\"container\" data-settings=\"{&quot;background_background&quot;:&quot;classic&quot;}\">\n\t\t\t\t<div class=\"elementor-element elementor-element-e7aeb09 elementor-widget elementor-widget-heading\" data-id=\"e7aeb09\" data-element_type=\"widget\" data-widget_type=\"heading.default\">\n\t\t\t\t<div class=\"elementor-widget-container\">\n\t\t\t\t\t<h2 class=\"elementor-heading-title elementor-size-default\">YOU BUY<\/h2>\t\t\t\t<\/div>\n\t\t\t\t<\/div>\n\t\t\t\t<\/div>\n\t\t\t\t<\/div>\n\t\t\t\t<div class=\"elementor-element elementor-element-ec8b59e elementor-widget elementor-widget-text-editor\" data-id=\"ec8b59e\" data-element_type=\"widget\" data-widget_type=\"text-editor.default\">\n\t\t\t\t<div class=\"elementor-widget-container\">\n\t\t\t\t\t\t\t\t\t<p>You can find our classes with a reduced version of our program experiences, subject to availability of places and schedules<\/p>\t\t\t\t\t\t\t\t<\/div>\n\t\t\t\t<\/div>\n\t\t\t\t<div class=\"elementor-element elementor-element-668de5c elementor-widget-divider--view-line elementor-widget elementor-widget-divider\" data-id=\"668de5c\" data-element_type=\"widget\" data-widget_type=\"divider.default\">\n\t\t\t\t<div class=\"elementor-widget-container\">\n\t\t\t\t\t\t\t<div class=\"elementor-divider\">\n\t\t\t<span class=\"elementor-divider-separator\">\n\t\t\t\t\t\t<\/span>\n\t\t<\/div>\n\t\t\t\t\t\t<\/div>\n\t\t\t\t<\/div>\n\t\t\t\t<div class=\"elementor-element elementor-element-61725b3 elementor-widget__width-inherit elementor-widget elementor-widget-text-editor\" data-id=\"61725b3\" data-element_type=\"widget\" data-widget_type=\"text-editor.default\">\n\t\t\t\t<div class=\"elementor-widget-container\">\n\t\t\t\t\t\t\t\t\t<p><u>Class Location:<br \/><\/u>Snapology<br \/>2503 Oregon Pike, Lancaster, PA 17601<br \/>United States.<\/p>\t\t\t\t\t\t\t\t<\/div>\n\t\t\t\t<\/div>\n\t\t\t\t<div class=\"elementor-element elementor-element-5e22742 elementor-widget elementor-widget-text-editor\" data-id=\"5e22742\" data-element_type=\"widget\" data-widget_type=\"text-editor.default\">\n\t\t\t\t<div class=\"elementor-widget-container\">\n\t\t\t\t\t\t\t\t\t<p>I want to join the waiting list group<\/p>\t\t\t\t\t\t\t\t<\/div>\n\t\t\t\t<\/div>\n\t\t\t\t<div class=\"elementor-element elementor-element-149bf39 sina-morphing-anim-pattern-2 elementor-widget elementor-widget-button\" data-id=\"149bf39\" data-element_type=\"widget\" data-widget_type=\"button.default\">\n\t\t\t\t<div class=\"elementor-widget-container\">\n\t\t\t\t\t\t\t\t\t<div class=\"elementor-button-wrapper\">\n\t\t\t\t\t<a class=\"elementor-button elementor-button-link elementor-size-sm\" href=\"#\">\n\t\t\t\t\t\t<span class=\"elementor-button-content-wrapper\">\n\t\t\t\t\t\t\t\t\t<span class=\"elementor-button-text\">CHECK IT OUT<\/span>\n\t\t\t\t\t<\/span>\n\t\t\t\t\t<\/a>\n\t\t\t\t<\/div>\n\t\t\t\t\t\t\t\t<\/div>\n\t\t\t\t<\/div>\n\t\t\t\t<div class=\"elementor-element elementor-element-8aed078 eael-contact-form-7-button-align-left eael-contact-form-7-button-custom elementor-widget elementor-widget-eael-contact-form-7\" data-id=\"8aed078\" data-element_type=\"widget\" data-widget_type=\"eael-contact-form-7.default\">\n\t\t\t\t<div class=\"elementor-widget-container\">\n\t\t\t\t\t<div class=\"eael-contact-form-7-wrapper\">\n                <div class=\"eael-contact-form eael-contact-form-7 eael-contact-form-8aed078 placeholder-show eael-contact-form-align-default\">\n<div class=\"wpcf7 no-js\" id=\"wpcf7-f1498-o1\" lang=\"es-ES\" dir=\"ltr\" data-wpcf7-id=\"1498\">\n<div class=\"screen-reader-response\"><p role=\"status\" aria-live=\"polite\" aria-atomic=\"true\"><\/p> <ul><\/ul><\/div>\n<form action=\"\/en\/wp-json\/wp\/v2\/pages\/1486#wpcf7-f1498-o1\" method=\"post\" class=\"wpcf7-form init\" aria-label=\"Formulario de contacto\" novalidate=\"novalidate\" data-status=\"init\" data-trp-original-action=\"\/en\/wp-json\/wp\/v2\/pages\/1486#wpcf7-f1498-o1\">\n<fieldset class=\"hidden-fields-container\"><input type=\"hidden\" name=\"_wpcf7\" value=\"1498\" \/><input type=\"hidden\" name=\"_wpcf7_version\" value=\"6.1.4\" \/><input type=\"hidden\" name=\"_wpcf7_locale\" value=\"es_ES\" \/><input type=\"hidden\" name=\"_wpcf7_unit_tag\" value=\"wpcf7-f1498-o1\" \/><input type=\"hidden\" name=\"_wpcf7_container_post\" value=\"0\" \/><input type=\"hidden\" name=\"_wpcf7_posted_data_hash\" value=\"\" \/><input type=\"hidden\" name=\"_wpcf7_recaptcha_response\" value=\"\" \/>\n<\/fieldset>\n<p>I want to join the waiting list group\n<\/p>\n<p><label><br \/>\nAdult name<br \/>\n<span class=\"wpcf7-form-control-wrap\" data-name=\"adult-name\"><input size=\"40\" maxlength=\"400\" class=\"wpcf7-form-control wpcf7-text wpcf7-validates-as-required\" aria-required=\"true\" aria-invalid=\"false\" value=\"\" type=\"text\" name=\"adult-name\" \/><\/span><br \/>\n<\/label>\n<\/p>\n<p><label><br \/>\nChildren name<br \/>\n<span class=\"wpcf7-form-control-wrap\" data-name=\"child-name\"><input size=\"40\" maxlength=\"400\" class=\"wpcf7-form-control wpcf7-text wpcf7-validates-as-required\" aria-required=\"true\" aria-invalid=\"false\" value=\"\" type=\"text\" name=\"child-name\" \/><\/span><br \/>\n<\/label>\n<\/p>\n<p><label><br \/>\nEdad<br \/>\n<span class=\"wpcf7-form-control-wrap\" data-name=\"age\"><input class=\"wpcf7-form-control wpcf7-number wpcf7-validates-as-required wpcf7-validates-as-number\" aria-required=\"true\" aria-invalid=\"false\" value=\"\" type=\"number\" name=\"age\" \/><\/span><br \/>\n<\/label>\n<\/p>\n<p><label><br \/>\nEmail<br \/>\n<span class=\"wpcf7-form-control-wrap\" data-name=\"email\"><input size=\"40\" maxlength=\"400\" class=\"wpcf7-form-control wpcf7-email wpcf7-validates-as-required wpcf7-text wpcf7-validates-as-email\" aria-required=\"true\" aria-invalid=\"false\" value=\"\" type=\"email\" name=\"email\" \/><\/span><br \/>\n<\/label>\n<\/p>\n<p><label><br \/>\nPhone<br \/>\n<span class=\"wpcf7-form-control-wrap\" data-name=\"phone\"><input size=\"40\" maxlength=\"400\" class=\"wpcf7-form-control wpcf7-tel wpcf7-validates-as-required wpcf7-text wpcf7-validates-as-tel\" aria-required=\"true\" aria-invalid=\"false\" value=\"\" type=\"tel\" name=\"phone\" \/><\/span><br \/>\n<\/label>\n<\/p>\n<p>Groups (Please select the group(s) you would like to join):\n<\/p>\n<p><label><br \/>\n<span class=\"wpcf7-form-control-wrap\" data-name=\"groups\"><span class=\"wpcf7-form-control wpcf7-checkbox wpcf7-validates-as-required\"><span class=\"wpcf7-list-item first last\"><input type=\"checkbox\" name=\"groups[]\" value=\"EXPLORERS LEARNING INITIATION -\" \/><span class=\"wpcf7-list-item-label\">EXPLORERS LEARNING INITIATION -<\/span><\/span><\/span><\/span><br \/>\n<\/label>\n<\/p>\n<p><label><br \/>\n<span class=\"wpcf7-form-control-wrap\" data-name=\"groups\"><span class=\"wpcf7-form-control wpcf7-checkbox wpcf7-validates-as-required\"><span class=\"wpcf7-list-item first last\"><input type=\"checkbox\" name=\"groups[]\" value=\"EXPLORERS LEARNING LEVEL 1 -\" \/><span class=\"wpcf7-list-item-label\">EXPLORERS LEARNING LEVEL 1 -<\/span><\/span><\/span><\/span><br \/>\n<\/label>\n<\/p>\n<p><label><br \/>\n<span class=\"wpcf7-form-control-wrap\" data-name=\"groups\"><span class=\"wpcf7-form-control wpcf7-checkbox wpcf7-validates-as-required\"><span class=\"wpcf7-list-item first last\"><input type=\"checkbox\" name=\"groups[]\" value=\"EXPLORERS LEARNING LEVEL 2 -\" \/><span class=\"wpcf7-list-item-label\">EXPLORERS LEARNING LEVEL 2 -<\/span><\/span><\/span><\/span><br \/>\n<\/label>\n<\/p>\n<p><label><br \/>\n<span class=\"wpcf7-form-control-wrap\" data-name=\"groups\"><span class=\"wpcf7-form-control wpcf7-checkbox wpcf7-validates-as-required\"><span class=\"wpcf7-list-item first last\"><input type=\"checkbox\" name=\"groups[]\" value=\"EXPLORERS LEARNING LEVEL 3 -\" \/><span class=\"wpcf7-list-item-label\">EXPLORERS LEARNING LEVEL 3 -<\/span><\/span><\/span><\/span><br \/>\n<\/label>\n<\/p>\n<p><label><br \/>\n<span class=\"wpcf7-form-control-wrap\" data-name=\"groups\"><span class=\"wpcf7-form-control wpcf7-checkbox wpcf7-validates-as-required\"><span class=\"wpcf7-list-item first last\"><input type=\"checkbox\" name=\"groups[]\" value=\"EXPLORERS LEARNING SPECIAL LEVEL -\" \/><span class=\"wpcf7-list-item-label\">EXPLORERS LEARNING SPECIAL LEVEL -<\/span><\/span><\/span><\/span><br \/>\n<\/label>\n<\/p>\n<p><label> Signature<br \/>\n<div class=\"dscf7_signature\">\n\t\t\t<div class=\"dscf7_signature_inner\">\n\t\t\t\t<canvas id=\"digital_signature-pad_signature-204\" name=\"signature-204\" class=\"digital_signature-pad\" color=\"#000000\" backcolor=\"#dddddd\" width=\"300\" height=\"200\"><\/canvas>\n\t\t\t\t<input class=\"clearButton\" type=\"button\" value=\"+\">\n\t\t\t<\/div>\n\t\t\t<span class=\"wpcf7-form-control-wrap signature-204\" data-name=\"signature-204\">\n\t\t\t\t<input class=\"wpcf7-form-control wpcf7-signature wpcf7-validates-as-required wpcf7-validates-as-signature dscf7-signature\" value=\"\" type=\"hidden\" name=\"signature-204\"\/>\n\t\t\t\t<input type=\"hidden\" name=\"signature-204-attachment\" class=\"wpcf7_input_signature-204_attachment\"\/>\n\t\t\t\t<input type=\"hidden\" name=\"signature-204-inline\" class=\"wpcf7_input_signature-204_inline\"\/>\n\t\t\t<\/span>\n\t\t<\/div><br \/>\n<\/label>\n<\/p>\n<p><label> By checking this box, I understand and I do give permission to EducArt\u00ae to include my child's student work and\/or photographs, and\/or image on video recordings as part of video(s) showing your classroom performance, to be used for the purpose of participating in EducArt\u00ae programs. I understand that my child's name and any other personally identifiable information about my child will not appear on any of the submitted materials.<br \/>\n<\/label>\n<\/p>\n<p><label><br \/>\n<span class=\"wpcf7-form-control-wrap\" data-name=\"consent\"><span class=\"wpcf7-form-control wpcf7-checkbox wpcf7-validates-as-required\"><span class=\"wpcf7-list-item first last\"><input type=\"checkbox\" name=\"consent[]\" value=\"ESTOY DE ACUERDO\" \/><span class=\"wpcf7-list-item-label\">I AGREE<\/span><\/span><\/span><\/span><br \/>\n<\/label>\n<\/p>\n<p><input class=\"wpcf7-form-control wpcf7-submit has-spinner\" type=\"submit\" value=\"CHECK IT OUT\" \/>\n<\/p><div class=\"wpcf7-response-output\" aria-hidden=\"true\"><\/div>\n<input type=\"hidden\" name=\"trp-form-language\" value=\"en\"\/><\/form>\n<\/div>\n<\/div>\n            <\/div>\t\t\t\t<\/div>\n\t\t\t\t<\/div>\n\t\t\t\t<\/div>\n\t\t\t\t<\/div>\n\t\t\t\t<\/div>","protected":false},"excerpt":{"rendered":"<p>TALLERES EXPERIENCIA DE CLASE GRATUITA PRUEBA ANTES TU COMPRAS Podr\u00e1s encontrar nuestras clases con una versi\u00f3n reducida de nuestras experiencias program\u00e1ticas, sujeto a disponibilidad de plazas y horarios. Ubicaci\u00f3n de la clase:Snapology2503 Oregon Pike, Lancaster, PA 17601Estados Unidos. Quiero unirme al grupo de lista de espera \u00c9CHALE UN VISTAZO Quiero unirme al grupo de lista de espera Nombre del adulto Nombre del ni\u00f1o Edad Correo Telefono Groups (Please select the group(s) you would like to join): EXPLORERS LEARNING INITIATION &#8211; 3 &#8211; 12 months with an adult (Tuesday 09:30 &#8211; 10:15 am) EXPLORERS LEARNING LEVEL 1 &#8211; 1 &#8211; 3 years with an adult (Tuesday 10:30 &#8211; 11:30 am) EXPLORERS LEARNING LEVEL 2 &#8211; 4 &#8211; 5 years (Tuesday 3:00 &#8211; 4:30 PM) EXPLORERS LEARNING LEVEL 3 &#8211; 6 &#8211; 8 years (Tuesday 4:45 &#8211; 6:15 PM) EXPLORERS LEARNING SPECIAL LEVEL &#8211; 6 &#8211; 8 years with an adult (Tuesday 5:00 &#8211; 6:00 PM) Firma Al marcar esta casilla, comprendo y doy permiso a EducArt\u00ae para incluir el trabajo de estudiante y\/o fotograf\u00edas y\/o im\u00e1genes de mi hijo en grabaciones de video como parte de videos que muestren su desempe\u00f1o en el aula, para que se utilicen con el prop\u00f3sito de participar en los programas de EducArt\u00ae. Comprendo que el nombre de mi hijo y cualquier otra informaci\u00f3n de identificaci\u00f3n personal sobre mi hijo no aparecer\u00e1n en ninguno de los materiales enviados. ESTOY DE ACUERDO<\/p>","protected":false},"author":2,"featured_media":0,"parent":0,"menu_order":0,"comment_status":"closed","ping_status":"closed","template":"","meta":{"footnotes":""},"class_list":["post-1486","page","type-page","status-publish","hentry"],"publishpress_future_action":{"enabled":false,"date":"2026-05-21 13:17:19","action":"change-status","newStatus":"draft","terms":[],"taxonomy":"","extraData":[]},"publishpress_future_workflow_manual_trigger":{"enabledWorkflows":[]},"_links":{"self":[{"href":"https:\/\/educart.online\/en\/wp-json\/wp\/v2\/pages\/1486","targetHints":{"allow":["GET"]}}],"collection":[{"href":"https:\/\/educart.online\/en\/wp-json\/wp\/v2\/pages"}],"about":[{"href":"https:\/\/educart.online\/en\/wp-json\/wp\/v2\/types\/page"}],"author":[{"embeddable":true,"href":"https:\/\/educart.online\/en\/wp-json\/wp\/v2\/users\/2"}],"replies":[{"embeddable":true,"href":"https:\/\/educart.online\/en\/wp-json\/wp\/v2\/comments?post=1486"}],"version-history":[{"count":60,"href":"https:\/\/educart.online\/en\/wp-json\/wp\/v2\/pages\/1486\/revisions"}],"predecessor-version":[{"id":2324,"href":"https:\/\/educart.online\/en\/wp-json\/wp\/v2\/pages\/1486\/revisions\/2324"}],"wp:attachment":[{"href":"https:\/\/educart.online\/en\/wp-json\/wp\/v2\/media?parent=1486"}],"curies":[{"name":"wp","href":"https:\/\/api.w.org\/{rel}","templated":true}]}}